{"id":10,"date":"2019-06-17T14:39:35","date_gmt":"2019-06-17T14:39:35","guid":{"rendered":"https:\/\/e-3.es\/?page_id=10"},"modified":"2024-05-08T10:18:40","modified_gmt":"2024-05-08T10:18:40","slug":"inicio","status":"publish","type":"page","link":"https:\/\/e-3.es\/","title":{"rendered":"Inicio"},"content":{"rendered":"<div class=\"wpb-content-wrapper\"><p>[vc_row][vc_column][vc_single_image image=\u00bb24&#8243; img_size=\u00bbfull\u00bb][\/vc_column][\/vc_row][vc_row][vc_column]<style type=\"text\/css\" data-type=\"the7_shortcodes-inline-css\">.shortcode-single-image-wrap.shortcode-single-image-bf69d4db0d173c17171e5ab24f64e5fd.enable-bg-rollover .rollover i,\n.shortcode-single-image-wrap.shortcode-single-image-bf69d4db0d173c17171e5ab24f64e5fd.enable-bg-rollover .rollover-video i {\n  background: -webkit-linear-gradient();\n  background: linear-gradient();\n}\n.shortcode-single-image-wrap.shortcode-single-image-bf69d4db0d173c17171e5ab24f64e5fd .rollover-icon {\n  font-size: 32px;\n  color: #ffffff;\n  min-width: 44px;\n  min-height: 44px;\n  line-height: 44px;\n  border-radius: 100px;\n  border-style: solid;\n  border-width: 0px;\n}\n.dt-icon-bg-on.shortcode-single-image-wrap.shortcode-single-image-bf69d4db0d173c17171e5ab24f64e5fd .rollover-icon {\n  background: rgba(255,255,255,0.3);\n  box-shadow: none;\n}<\/style><div class=\"shortcode-single-image-wrap shortcode-single-image-bf69d4db0d173c17171e5ab24f64e5fd alignnone  enable-bg-rollover dt-icon-bg-off\" style=\"margin-top:0px; margin-bottom:0px; margin-left:0px; margin-right:0px;\"><div class=\"shortcode-single-image\"><div class=\"fancy-media-wrap  layzr-bg\" style=\"\"><img fetchpriority=\"high\" decoding=\"async\" class=\"preload-me lazy-load aspect\" src=\"data:image\/svg+xml,%3Csvg%20xmlns%3D&#39;http%3A%2F%2Fwww.w3.org%2F2000%2Fsvg&#39;%20viewBox%3D&#39;0%200%201920%201557&#39;%2F%3E\" data-src=\"https:\/\/e-3.es\/wp-content\/uploads\/2023\/10\/e3-index-info-1.png\" data-srcset=\"https:\/\/e-3.es\/wp-content\/uploads\/2023\/10\/e3-index-info-1.png 1920w\" loading=\"eager\" sizes=\"(max-width: 1920px) 100vw, 1920px\" width=\"1920\" height=\"1557\"  data-dt-location=\"https:\/\/e-3.es\/index.php\/inicio\/e3-index-info\/\" style=\"--ratio: 1920 \/ 1557;\" alt=\"\" \/><\/div><\/div><\/div>[\/vc_column][\/vc_row][vc_row css=\u00bb.vc_custom_1696245186508{margin-top: 20px !important;margin-bottom: 20px !important;}\u00bb][vc_column width=\u00bb1\/3&#8243;]<style type=\"text\/css\" data-type=\"the7_shortcodes-inline-css\">.shortcode-single-image-wrap.shortcode-single-image-e73db49f4bd06aa31dbf87006f3f7918.enable-bg-rollover .rollover i,\n.shortcode-single-image-wrap.shortcode-single-image-e73db49f4bd06aa31dbf87006f3f7918.enable-bg-rollover .rollover-video i {\n  background: -webkit-linear-gradient();\n  background: linear-gradient();\n}\n.shortcode-single-image-wrap.shortcode-single-image-e73db49f4bd06aa31dbf87006f3f7918 .rollover-icon {\n  font-size: 32px;\n  color: #ffffff;\n  min-width: 44px;\n  min-height: 44px;\n  line-height: 44px;\n  border-radius: 100px;\n  border-style: solid;\n  border-width: 0px;\n}\n.dt-icon-bg-on.shortcode-single-image-wrap.shortcode-single-image-e73db49f4bd06aa31dbf87006f3f7918 .rollover-icon {\n  background: rgba(255,255,255,0.3);\n  box-shadow: none;\n}<\/style><div class=\"shortcode-single-image-wrap shortcode-single-image-e73db49f4bd06aa31dbf87006f3f7918 alignnone  vc_custom_1696246455843 enable-bg-rollover dt-icon-bg-off\" ><div class=\"shortcode-single-image\"><div class=\"fancy-media-wrap  layzr-bg\" style=\"\"><img decoding=\"async\" class=\"preload-me lazy-load aspect\" src=\"data:image\/svg+xml,%3Csvg%20xmlns%3D&#39;http%3A%2F%2Fwww.w3.org%2F2000%2Fsvg&#39;%20viewBox%3D&#39;0%200%20590%20288&#39;%2F%3E\" data-src=\"https:\/\/e-3.es\/wp-content\/uploads\/2023\/10\/e3-index-logo.png\" data-srcset=\"https:\/\/e-3.es\/wp-content\/uploads\/2023\/10\/e3-index-logo.png 590w\" loading=\"eager\" sizes=\"(max-width: 590px) 100vw, 590px\" width=\"590\" height=\"288\"  data-dt-location=\"https:\/\/e-3.es\/index.php\/inicio\/e3-index-logo\/\" style=\"--ratio: 590 \/ 288;\" alt=\"\" \/><\/div><\/div><\/div>[\/vc_column][vc_column width=\u00bb1\/3&#8243;]<div class=\"aio-icon-component  vc_custom_1696246158385   style_2\"><a class=\"aio-icon-box-link\" href=\"tel:623044858\" ><div id=\"Info-box-wrap-6268\" class=\"aio-icon-box default-icon\" style=\"\"  ><div class=\"aio-icon-default\"><div class=\"ult-just-icon-wrapper  \"><div class=\"align-icon\" style=\"text-align:center;\">\n<div class=\"aio-icon circle \"  style=\"color:#ffffff;background:#000000;font-size:24px;display:inline-block;\">\n\t<i class=\"icomoon-the7-font-the7-phone-05\"><\/i>\n<\/div><\/div><\/div><\/div><div class=\"aio-icon-header\" ><h3 class=\"aio-icon-title ult-responsive\"  data-ultimate-target='#Info-box-wrap-6268 .aio-icon-title'  data-responsive-json-new='{\"font-size\":\"desktop:28px;\",\"line-height\":\"\"}'  style=\"\">623 044 858<\/h3><\/div> <!-- header --><\/div> <!-- aio-icon-box --><\/a><\/div> <!-- aio-icon-component --><div class=\"aio-icon-component  vc_custom_1696246171939   style_2\"><a class=\"aio-icon-box-link\" href=\"tel:623044858\" ><div id=\"Info-box-wrap-8891\" class=\"aio-icon-box default-icon\" style=\"\"  ><div class=\"aio-icon-default\"><div class=\"ult-just-icon-wrapper  \"><div class=\"align-icon\" style=\"text-align:center;\">\n<div class=\"aio-icon circle \"  style=\"color:#ffffff;background:#000000;font-size:24px;display:inline-block;\">\n\t<i class=\"icomoon-the7-font-whatsapp\"><\/i>\n<\/div><\/div><\/div><\/div><div class=\"aio-icon-header\" ><h3 class=\"aio-icon-title ult-responsive\"  data-ultimate-target='#Info-box-wrap-8891 .aio-icon-title'  data-responsive-json-new='{\"font-size\":\"desktop:28px;\",\"line-height\":\"\"}'  style=\"\">623 044 858<\/h3><\/div> <!-- header --><\/div> <!-- aio-icon-box --><\/a><\/div> <!-- aio-icon-component -->[\/vc_column][vc_column width=\u00bb1\/3&#8243;]<style type=\"text\/css\" data-type=\"the7_shortcodes-inline-css\">.shortcode-single-image-wrap.shortcode-single-image-7e27b7e5aac2ab57dfeb3972c4e177a9.enable-bg-rollover .rollover i,\n.shortcode-single-image-wrap.shortcode-single-image-7e27b7e5aac2ab57dfeb3972c4e177a9.enable-bg-rollover .rollover-video i {\n  background: -webkit-linear-gradient();\n  background: linear-gradient();\n}\n.shortcode-single-image-wrap.shortcode-single-image-7e27b7e5aac2ab57dfeb3972c4e177a9 .rollover-icon {\n  font-size: 32px;\n  color: #ffffff;\n  min-width: 44px;\n  min-height: 44px;\n  line-height: 44px;\n  border-radius: 100px;\n  border-style: solid;\n  border-width: 0px;\n}\n.dt-icon-bg-on.shortcode-single-image-wrap.shortcode-single-image-7e27b7e5aac2ab57dfeb3972c4e177a9 .rollover-icon {\n  background: rgba(255,255,255,0.3);\n  box-shadow: none;\n}<\/style><div class=\"shortcode-single-image-wrap shortcode-single-image-7e27b7e5aac2ab57dfeb3972c4e177a9 alignnone  enable-bg-rollover dt-icon-bg-off\" style=\"margin-top:0px; margin-bottom:0px; margin-left:0px; margin-right:0px;\"><div class=\"shortcode-single-image\"><div class=\"fancy-media-wrap  layzr-bg\" style=\"\"><img decoding=\"async\" class=\"preload-me lazy-load aspect\" src=\"data:image\/svg+xml,%3Csvg%20xmlns%3D&#39;http%3A%2F%2Fwww.w3.org%2F2000%2Fsvg&#39;%20viewBox%3D&#39;0%200%20590%20288&#39;%2F%3E\" data-src=\"https:\/\/e-3.es\/wp-content\/uploads\/2023\/10\/e3-index-ue.png\" data-srcset=\"https:\/\/e-3.es\/wp-content\/uploads\/2023\/10\/e3-index-ue.png 590w\" loading=\"eager\" sizes=\"(max-width: 590px) 100vw, 590px\" width=\"590\" height=\"288\"  data-dt-location=\"https:\/\/e-3.es\/index.php\/inicio\/e3-index-ue\/\" style=\"--ratio: 590 \/ 288;\" alt=\"\" \/><\/div><\/div><\/div>[\/vc_column][\/vc_row][vc_row][vc_column][vc_separator][vc_column_text]<\/p>\n<p style=\"text-align: center;\">E3 Soluciones Energ\u00e9ticas Integrales S.L. nace de las inquietudes medioambientales de su equipo fundador y de la premisa de que la sostenibilidad medioambiental puede ser rentable, no solamente una convicci\u00f3n moral. Desde sus or\u00edgenes E3 se constituye con una gran solidez basada en el dominio del \u00e1rea de conocimiento de las energ\u00edas renovables y con una clara visi\u00f3n de futuro, evolucionar en el conocimiento de nuevos sectores energ\u00e9ticos hasta ser capaces de ofrecer soluciones energ\u00e9ticas integrales. Esto ha permitido ofrecer instalaciones y proyectos energ\u00e9ticos en primera instancia y aumentar de forma estructurada la cartera de servicios, alcanzando el horizonte propuesto y completando as\u00ed la cadena de valor de servicios energ\u00e9ticos. Actualmente podemos presentar soluciones energ\u00e9ticas integrales a cada necesidad.<\/p>\n<p style=\"text-align: center;\">El equipo humano de E3 se caracteriza por englobar alta cualificaci\u00f3n, preparaci\u00f3n t\u00e9cnica y conocimiento de producto; con dilatada experiencia, minuciosidad en la ejecuci\u00f3n de las instalaciones y sobretodo ajuste, regulaci\u00f3n y servicio de atenci\u00f3n al cliente una vez los trabajos han sido efectuados. Todo nuestro equipo, est\u00e1 convencido de un proyecto com\u00fan: ofrecer la m\u00e1xima calidad y atenci\u00f3n al cliente desde el asesoramiento previo a la instalaci\u00f3n, hasta el servicio de soporte una vez implantadas, pasando por la precisi\u00f3n de las ejecuciones. La rentabilidad de nuestros clientes es nuestro negocio Su rentabilidad es nuestro negocio<\/p>\n<p>[\/vc_column_text][vc_separator][\/vc_column][\/vc_row][vc_row gap=\u00bb10&#8243; equal_height=\u00bbyes\u00bb][vc_column width=\u00bb1\/3&#8243;][vc_single_image image=\u00bb33&#8243; img_size=\u00bblarge\u00bb][\/vc_column][vc_column width=\u00bb1\/3&#8243;][vc_single_image image=\u00bb34&#8243; img_size=\u00bblarge\u00bb][\/vc_column][vc_column width=\u00bb1\/3&#8243;][vc_single_image image=\u00bb35&#8243; img_size=\u00bblarge\u00bb][\/vc_column][\/vc_row]<\/p>\n<\/div>","protected":false},"excerpt":{"rendered":"<p>[vc_row][vc_column][vc_single_image image=\u00bb24&#8243; img_size=\u00bbfull\u00bb][\/vc_column][\/vc_row][vc_row][vc_column][\/vc_column][\/vc_row][vc_row css=\u00bb.vc_custom_1696245186508{margin-top: 20px !important;margin-bottom: 20px !important;}\u00bb][vc_column width=\u00bb1\/3&#8243;][\/vc_column][vc_column width=\u00bb1\/3&#8243;][\/vc_column][vc_column width=\u00bb1\/3&#8243;][\/vc_column][\/vc_row][vc_row][vc_column][vc_separator][vc_column_text] E3 Soluciones Energ\u00e9ticas Integrales S.L. nace de las inquietudes medioambientales de su equipo fundador y de la premisa de que la sostenibilidad medioambiental puede ser rentable, no solamente una convicci\u00f3n moral. Desde sus or\u00edgenes E3 se constituye con una gran solidez basada en el&hellip;<\/p>\n","protected":false},"author":1,"featured_media":0,"parent":0,"menu_order":0,"comment_status":"closed","ping_status":"closed","template":"","meta":{"footnotes":""},"class_list":["post-10","page","type-page","status-publish","hentry","description-off"],"_links":{"self":[{"href":"https:\/\/e-3.es\/index.php\/wp-json\/wp\/v2\/pages\/10","targetHints":{"allow":["GET"]}}],"collection":[{"href":"https:\/\/e-3.es\/index.php\/wp-json\/wp\/v2\/pages"}],"about":[{"href":"https:\/\/e-3.es\/index.php\/wp-json\/wp\/v2\/types\/page"}],"author":[{"embeddable":true,"href":"https:\/\/e-3.es\/index.php\/wp-json\/wp\/v2\/users\/1"}],"replies":[{"embeddable":true,"href":"https:\/\/e-3.es\/index.php\/wp-json\/wp\/v2\/comments?post=10"}],"version-history":[{"count":8,"href":"https:\/\/e-3.es\/index.php\/wp-json\/wp\/v2\/pages\/10\/revisions"}],"predecessor-version":[{"id":120,"href":"https:\/\/e-3.es\/index.php\/wp-json\/wp\/v2\/pages\/10\/revisions\/120"}],"wp:attachment":[{"href":"https:\/\/e-3.es\/index.php\/wp-json\/wp\/v2\/media?parent=10"}],"curies":[{"name":"wp","href":"https:\/\/api.w.org\/{rel}","templated":true}]}}