{"id":37,"date":"2019-06-17T15:38:32","date_gmt":"2019-06-17T15:38:32","guid":{"rendered":"https:\/\/e-3.es\/?page_id=37"},"modified":"2019-06-17T16:19:34","modified_gmt":"2019-06-17T16:19:34","slug":"sobre-nosotros","status":"publish","type":"page","link":"https:\/\/e-3.es\/index.php\/sobre-nosotros\/","title":{"rendered":"Sobre nosotros"},"content":{"rendered":"<div class=\"wpb-content-wrapper\"><p>[vc_row][vc_column][vc_single_image image=\u00bb16&#8243; img_size=\u00bbfull\u00bb alignment=\u00bbcenter\u00bb][vc_separator][\/vc_column][\/vc_row][vc_row][vc_column width=\u00bb1\/2&#8243;][vc_column_text]<\/p>\n<p style=\"text-align: justify;\">E3 Soluciones Energ\u00e9ticas Integrales S.L. nace de las inquietudes medioambientales de su equipo fundador y de la premisa de que la sostenibilidad medioambiental puede ser rentable, no solamente una convicci\u00f3n moral. Desde sus or\u00edgenes E3 se constituye con una gran solidez basada en el dominio del \u00e1rea de conocimiento de las energ\u00edas renovables y con una clara visi\u00f3n de futuro, evolucionar en el conocimiento de nuevos sectores energ\u00e9ticos hasta ser capaces de ofrecer \u201csoluciones energ\u00e9ticas integrales\u201d. Esto ha permitido ofrecer instalaciones y proyectos energ\u00e9ticos en primera instancia y aumentar de forma estructurada la cartera de servicios, alcanzando el horizonte propuesto y completando as\u00ed la cadena de valor de servicios energ\u00e9ticos. Actualmente podemos presentar \u201csoluciones energ\u00e9ticas integrales\u201d a cada necesidad.<\/p>\n<p>[\/vc_column_text][\/vc_column][vc_column width=\u00bb1\/2&#8243;][vc_column_text]<\/p>\n<p style=\"text-align: justify;\">El equipo humano de E3 se caracteriza por englobar alta cualificaci\u00f3n, preparaci\u00f3n t\u00e9cnica y conocimiento de producto; con dilatada experiencia, minuciosidad en la ejecuci\u00f3n de las instalaciones y sobretodo ajuste, regulaci\u00f3n y servicio de atenci\u00f3n al cliente una vez los trabajos han sido efectuados.<br \/>\nTodo nuestro equipo, est\u00e1 convencido de un proyecto com\u00fan: ofrecer la m\u00e1xima calidad y atenci\u00f3n al cliente desde el asesoramiento previo a la instalaci\u00f3n, hasta el servicio de soporte una vez implantadas, pasando por la precisi\u00f3n de las ejecuciones.<\/p>\n<p>[\/vc_column_text][\/vc_column][\/vc_row][vc_row][vc_column][vc_separator][vc_single_image image=\u00bb15&#8243; img_size=\u00bbfull\u00bb alignment=\u00bbcenter\u00bb][\/vc_column][\/vc_row]<\/p>\n<\/div>","protected":false},"excerpt":{"rendered":"<p>[vc_row][vc_column][vc_single_image image=\u00bb16&#8243; img_size=\u00bbfull\u00bb alignment=\u00bbcenter\u00bb][vc_separator][\/vc_column][\/vc_row][vc_row][vc_column width=\u00bb1\/2&#8243;][vc_column_text] E3 Soluciones Energ\u00e9ticas Integrales S.L. nace de las inquietudes medioambientales de su equipo fundador y de la premisa de que la sostenibilidad medioambiental puede ser rentable, no solamente una convicci\u00f3n moral. Desde sus or\u00edgenes E3 se constituye con una gran solidez basada en el dominio del \u00e1rea de conocimiento de&hellip;<\/p>\n","protected":false},"author":1,"featured_media":0,"parent":0,"menu_order":0,"comment_status":"closed","ping_status":"closed","template":"","meta":{"footnotes":""},"class_list":["post-37","page","type-page","status-publish","hentry","description-off"],"_links":{"self":[{"href":"https:\/\/e-3.es\/index.php\/wp-json\/wp\/v2\/pages\/37","targetHints":{"allow":["GET"]}}],"collection":[{"href":"https:\/\/e-3.es\/index.php\/wp-json\/wp\/v2\/pages"}],"about":[{"href":"https:\/\/e-3.es\/index.php\/wp-json\/wp\/v2\/types\/page"}],"author":[{"embeddable":true,"href":"https:\/\/e-3.es\/index.php\/wp-json\/wp\/v2\/users\/1"}],"replies":[{"embeddable":true,"href":"https:\/\/e-3.es\/index.php\/wp-json\/wp\/v2\/comments?post=37"}],"version-history":[{"count":4,"href":"https:\/\/e-3.es\/index.php\/wp-json\/wp\/v2\/pages\/37\/revisions"}],"predecessor-version":[{"id":41,"href":"https:\/\/e-3.es\/index.php\/wp-json\/wp\/v2\/pages\/37\/revisions\/41"}],"wp:attachment":[{"href":"https:\/\/e-3.es\/index.php\/wp-json\/wp\/v2\/media?parent=37"}],"curies":[{"name":"wp","href":"https:\/\/api.w.org\/{rel}","templated":true}]}}